{"id":230,"date":"2024-05-15T15:31:58","date_gmt":"2024-05-15T15:31:58","guid":{"rendered":"https:\/\/piscinemarket.piscinetunisie.com\/?post_type=product&#038;p=230"},"modified":"2024-05-15T15:32:05","modified_gmt":"2024-05-15T15:32:05","slug":"import-placeholder-for-1255","status":"publish","type":"product","link":"https:\/\/piscinemarket.piscinetunisie.com\/?product=import-placeholder-for-1255","title":{"rendered":"Import placeholder for 1255"},"content":{"rendered":"<h5>Electrolyseur de sel ZODIAC EXO<\/h5>\n<p>Electrolyseur de sel ZODIAC EXO simplifiez le contr\u00f4le de la qualit\u00e9 de l&#8217;eau de <a href=\"https:\/\/www.piscinetunisie.com\/\">votre piscine<\/a> gr\u00e2ce \u00e0 notre solution tout-en-un.<br \/>\nToutes les fonctionnalit\u00e9s essentielles sont centralis\u00e9es sur une interface unique, vous<br \/>\npermettant de surveiller le pH, la chloration et les \u00e9quipements compl\u00e9mentaires tels que la<br \/>\npompe de filtration et l&#8217;\u00e9clairage.<br \/>\nAvec la solution EXO\u00ae, vous pouvez profiter d&#8217;une tranquillit\u00e9 d&#8217;esprit absolue. Gr\u00e2ce \u00e0 son<br \/>\n\u00e9lectrode longue dur\u00e9e et \u00e0 ses sondes haut de gamme, vous \u00eates assur\u00e9(e) d&#8217;obtenir en<br \/>\npermanence une qualit\u00e9 d&#8217;eau optimale. La fiabilit\u00e9 de notre \u00e9lectrolyseur est telle que nous<br \/>\noffrons une garantie inconditionnelle de 3 ans(1).<br \/>\nPour une connectivit\u00e9 maximale, notre solution int\u00e8gre \u00e9galement l&#8217;application iAquaLinkTM.<br \/>\nCette application vous permet d&#8217;acc\u00e9der en temps r\u00e9el \u00e0 toutes les informations relatives \u00e0 la<br \/>\nqualit\u00e9 de l&#8217;eau et aux \u00e9quipements(2) de votre piscine, directement depuis votre<br \/>\nsmartphone ou votre tablette (compatible avec Android et iOS).<\/p>\n<p>Caract\u00e9ristiques :<\/p>\n<ul>\n<li>D\u00e9bit de chloration : 35g\/h<\/li>\n<\/ul>\n<p>Optez pour notre solution compl\u00e8te pour une gestion simplifi\u00e9e de la qualit\u00e9 de l&#8217;eau de votre<br \/>\npiscine. B\u00e9n\u00e9ficiez de la tranquillit\u00e9 d&#8217;esprit et de la connectivit\u00e9 int\u00e9gr\u00e9e pour une<br \/>\nexp\u00e9rience de piscine optimale.<br \/>\nFaites confiance \u00e0 la marque ZODIAC, reconnue pour ses produits de qualit\u00e9 et sa<br \/>\nfabrication espagnole. Vous m\u00e9ritez le meilleur pour votre piscine, et notre solution EXO\u00ae<br \/>\nest l\u00e0 pour vous offrir une exp\u00e9rience in\u00e9gal\u00e9e.<\/p>\n<h6>Plus des d\u00e9tails<\/h6>\n<p>N&#8217;oubliez pas de visiter <a href=\"https:\/\/www.facebook.com\/STGEgroup\/\">notre page Facebook<\/a> pour trouver l&#8217;inspiration \u00e0 travers nos<br \/>\nr\u00e9alisations et celles des piscinistes qui nous font confiance. Vous y trouverez des conseils<br \/>\nutiles pour l&#8217;entretien et le nettoyage de votre piscine, ainsi que des informations sur nos<br \/>\nproduits.<br \/>\nMarque : ZODIAC<br \/>\nMarque Made in : ESPAGNOL<\/p>\n","protected":false},"excerpt":{"rendered":"<p>Electrolyseur de sel ZODIAC EXO Electrolyseur de sel ZODIAC EXO simplifiez le contr\u00f4le de la qualit\u00e9 de l&#8217;eau de votre piscine gr\u00e2ce \u00e0 notre solution tout-en-un. Toutes les fonctionnalit\u00e9s essentielles sont centralis\u00e9es sur une interface unique, vous permettant de surveiller le pH, la chloration et les \u00e9quipements compl\u00e9mentaires tels que la pompe de filtration et [&hellip;]<\/p>\n","protected":false},"featured_media":253,"comment_status":"open","ping_status":"closed","template":"","meta":[],"product_cat":[15],"product_tag":[],"class_list":{"0":"post-230","1":"product","2":"type-product","3":"status-publish","4":"has-post-thumbnail","6":"product_cat-uncategorized","8":"first","9":"instock","10":"shipping-taxable","11":"product-type-simple"},"jetpack_sharing_enabled":true,"_links":{"self":[{"href":"https:\/\/piscinemarket.piscinetunisie.com\/index.php?rest_route=\/wp\/v2\/product\/230","targetHints":{"allow":["GET"]}}],"collection":[{"href":"https:\/\/piscinemarket.piscinetunisie.com\/index.php?rest_route=\/wp\/v2\/product"}],"about":[{"href":"https:\/\/piscinemarket.piscinetunisie.com\/index.php?rest_route=\/wp\/v2\/types\/product"}],"replies":[{"embeddable":true,"href":"https:\/\/piscinemarket.piscinetunisie.com\/index.php?rest_route=%2Fwp%2Fv2%2Fcomments&post=230"}],"wp:featuredmedia":[{"embeddable":true,"href":"https:\/\/piscinemarket.piscinetunisie.com\/index.php?rest_route=\/wp\/v2\/media\/253"}],"wp:attachment":[{"href":"https:\/\/piscinemarket.piscinetunisie.com\/index.php?rest_route=%2Fwp%2Fv2%2Fmedia&parent=230"}],"wp:term":[{"taxonomy":"product_cat","embeddable":true,"href":"https:\/\/piscinemarket.piscinetunisie.com\/index.php?rest_route=%2Fwp%2Fv2%2Fproduct_cat&post=230"},{"taxonomy":"product_tag","embeddable":true,"href":"https:\/\/piscinemarket.piscinetunisie.com\/index.php?rest_route=%2Fwp%2Fv2%2Fproduct_tag&post=230"}],"curies":[{"name":"wp","href":"https:\/\/api.w.org\/{rel}","templated":true}]}}