{"id":226,"date":"2024-05-15T15:31:58","date_gmt":"2024-05-15T15:31:58","guid":{"rendered":"https:\/\/piscinemarket.piscinetunisie.com\/?post_type=product&#038;p=226"},"modified":"2024-05-15T15:34:28","modified_gmt":"2024-05-15T15:34:28","slug":"import-placeholder-for-1250","status":"publish","type":"product","link":"https:\/\/piscinemarket.piscinetunisie.com\/?product=import-placeholder-for-1250","title":{"rendered":"Import placeholder for 1250"},"content":{"rendered":"<h5>\u00a0Electrolyseur de sel BSSALT<\/h5>\n<p><a href=\"https:\/\/www.bspool.eu\/fr\/\">Electrolyseur de sel BSSALT<\/a> Cet appareil vous permettra de profiter d&#8217;une eau d\u2019excellente qualit\u00e9 dans votre piscine, sans que vous ayez \u00e0 ajouter de d\u00e9sinfectants chimiques.<\/p>\n<p>Le syst\u00e8me de chloration saline pour piscines fabrique le chlore directement dans le syst\u00e8me de filtrage par l\u2019\u00e9lectrolyse de l&#8217;eau qui est l\u00e9g\u00e8rement sal\u00e9e. Ainsi d\u00fb un agent fortement bact\u00e9ricide, le \u00ab chlore libre \u00bb, est produit (acide hypochloreux, HClO).<\/p>\n<p>L&#8217;Electrolyseur de sel est un processus r\u00e9versible, c&#8217;est-\u00e0-dire, qu\u2019une fois que les \u00e9l\u00e9ments actifs ont r\u00e9agi avec les organismes pr\u00e9sents dans l&#8217;eau, on se retrouve de nouveau avec du sel et de l\u2019eau.<\/p>\n<p>L&#8217;appareil se compose d&#8217;un dispositif de contr\u00f4le \u00e9lectronique, de commande et de r\u00e9gulation et d&#8217;une cellule d&#8217;\u00e9lectrolyse \u00e0 travers laquelle on fait circuler l&#8217;eau de la piscine.<\/p>\n<p>Si vous utilisez cet appareil de chloration saline en permanence, il ne sera pas n\u00e9cessaire de changer l&#8217;eau de votre piscine pendant plusieurs ann\u00e9es (de 8 \u00e0 15 ans en fonction de l\u2019usage). Vous contribuerez ainsi aux politiques de conservation de l&#8217;environnement et \u00e0 la gestion et \u00e9conomie de l&#8217;eau.<br \/>\nR\u00e9glage de la production de chlore par Switch mode power supply (alimentation \u00e0 d\u00e9coupage)<\/p>\n<ul>\n<li>\u00a0Rendement de l&#8217;\u00e9tape de puissance &gt; 90%<\/li>\n<li>\u00a0D\u00e9connexion automatique en cas de manque de flux d&#8217;eau<\/li>\n<li>\u00a0D\u00e9connexion automatique par accumulation de gaz dans la cellule avec r\u00e9armement automatique lors de la reprise de d\u00e9bit d&#8217;eau.<\/li>\n<li>R\u00e9glage automatique de la tension en fonction de la concentration de sel et de la temp\u00e9rature, avec maintien de la production de chlore constante.<\/li>\n<li>Cycle automatique de nettoyage des \u00e9lectrodes.<\/li>\n<li>\u00a0R\u00e9armement automatique en cas de coupure de courant<\/li>\n<\/ul>\n<h6>Plus des d\u00e9tails<\/h6>\n<p>Visitez notre page Facebook pour vous inspirer de nos r\u00e9alisations ou les r\u00e9alisations des piscinistes qui nous font confiance.<br \/>\n<a href=\"https:\/\/www.piscinetunisie.com\/bspool\/\"> BSPOOL<\/a><br \/>\n<strong>Caract\u00e9ristique : <\/strong> 15g\/h 25g\/h 35g\/h<br \/>\n<strong>Marque : <\/strong> <a href=\"https:\/\/www.bspool.eu\/fr\/&quot;\">BSV<\/a><br \/>\n<strong>Marque made in : <\/strong> ESPAGNOL<\/p>\n","protected":false},"excerpt":{"rendered":"<p>\u00a0Electrolyseur de sel BSSALT Electrolyseur de sel BSSALT Cet appareil vous permettra de profiter d&#8217;une eau d\u2019excellente qualit\u00e9 dans votre piscine, sans que vous ayez \u00e0 ajouter de d\u00e9sinfectants chimiques. Le syst\u00e8me de chloration saline pour piscines fabrique le chlore directement dans le syst\u00e8me de filtrage par l\u2019\u00e9lectrolyse de l&#8217;eau qui est l\u00e9g\u00e8rement sal\u00e9e. Ainsi [&hellip;]<\/p>\n","protected":false},"featured_media":252,"comment_status":"open","ping_status":"closed","template":"","meta":[],"product_cat":[15],"product_tag":[],"class_list":{"0":"post-226","1":"product","2":"type-product","3":"status-publish","4":"has-post-thumbnail","6":"product_cat-uncategorized","8":"first","9":"instock","10":"shipping-taxable","11":"product-type-variable"},"jetpack_sharing_enabled":true,"_links":{"self":[{"href":"https:\/\/piscinemarket.piscinetunisie.com\/index.php?rest_route=\/wp\/v2\/product\/226","targetHints":{"allow":["GET"]}}],"collection":[{"href":"https:\/\/piscinemarket.piscinetunisie.com\/index.php?rest_route=\/wp\/v2\/product"}],"about":[{"href":"https:\/\/piscinemarket.piscinetunisie.com\/index.php?rest_route=\/wp\/v2\/types\/product"}],"replies":[{"embeddable":true,"href":"https:\/\/piscinemarket.piscinetunisie.com\/index.php?rest_route=%2Fwp%2Fv2%2Fcomments&post=226"}],"wp:featuredmedia":[{"embeddable":true,"href":"https:\/\/piscinemarket.piscinetunisie.com\/index.php?rest_route=\/wp\/v2\/media\/252"}],"wp:attachment":[{"href":"https:\/\/piscinemarket.piscinetunisie.com\/index.php?rest_route=%2Fwp%2Fv2%2Fmedia&parent=226"}],"wp:term":[{"taxonomy":"product_cat","embeddable":true,"href":"https:\/\/piscinemarket.piscinetunisie.com\/index.php?rest_route=%2Fwp%2Fv2%2Fproduct_cat&post=226"},{"taxonomy":"product_tag","embeddable":true,"href":"https:\/\/piscinemarket.piscinetunisie.com\/index.php?rest_route=%2Fwp%2Fv2%2Fproduct_tag&post=226"}],"curies":[{"name":"wp","href":"https:\/\/api.w.org\/{rel}","templated":true}]}}