{"id":129,"date":"2024-05-15T15:30:49","date_gmt":"2024-05-15T15:30:49","guid":{"rendered":"https:\/\/piscinemarket.piscinetunisie.com\/?post_type=product&#038;p=129"},"modified":"2024-05-15T15:31:41","modified_gmt":"2024-05-15T15:31:41","slug":"import-placeholder-for-1084","status":"publish","type":"product","link":"https:\/\/piscinemarket.piscinetunisie.com\/?product=import-placeholder-for-1084","title":{"rendered":"Import placeholder for 1084"},"content":{"rendered":"<p><a href=\"https:\/\/www.zodiac-poolcare.com\/robots-cleaners\/residential-robotic-cleaners\/alpha-iq--range\/ra-6900-iq\">Robot Zodiac MX9<\/a> Robot piscine zodiac Turbo aspiration double h\u00e9lices<br \/>\nLe syst\u00e8me de turbo aspiration du MX9 repose sur\u00a0une puissante turbine et deux h\u00e9lices d\u2019aspiration\u00a0p\u00e9riph\u00e9riques qui\u00a0dirigent toutes les salet\u00e9s et d\u00e9bris vers la bouche du robot.\u00a0Il garantit un nettoyage ultra-efficace, m\u00eame \u00e0 faible d\u00e9bit.<\/p>\n<p>Brossage cyclonique<br \/>\nLa technologie de brossage cyclonique permet de\u00a0d\u00e9coller les salet\u00e9s incrust\u00e9es avant de les aspirer.\u00a0Les brosses actives du robot\u00a0permettent ainsi d\u2019\u00e9liminer tout type de d\u00e9bris,\u00a0y compris les algues tenaces qui s\u2019accrochent au fond et aux parois de votre bassin.<\/p>\n<p>Nettoyage m\u00e9thodique<br \/>\nRobot piscine zodiac Avec son syst\u00e8me de navigation X-Drive pr\u00e9-programm\u00e9,\u00a0le MX9 parcourt m\u00e9thodiquement toutes les zones \u00e0 nettoyer,\u00a0et assure\u00a0une couverture irr\u00e9prochable,\u00a0quels que soient le fond et la forme de votre bassin.<\/p>\n<p>Pour quelles piscines ?<br \/>\n\u2981 Types de piscine :\u00a0piscines enterr\u00e9es et hors-sol \u00e0 parois rigides<br \/>\n\u2981 Toutes formes de bassin :\u00a0rectangulaires, ovales, formes libres<br \/>\n\u2981 Fonds de bassin :\u00a0plat, pente douce, pente compos\u00e9e<br \/>\n\u2981 Taille piscine :\u00a0jusqu&#8217;\u00e0 12&#215;6 m<br \/>\nDescription :<br \/>\n\u2981 Zones de nettoyage :\u00a0Fond et parois<br \/>\n\u2981 Nombre \/ Dur\u00e9e des cycles de nettoyage :\u00a0Filtration de 6h conseill\u00e9e en 3 fois 2h<br \/>\n\u2981 Source d&#8217;\u00e9nergie :\u00a0Groupe de filtration<br \/>\n\u2981 D\u00e9placement :\u00a0Al\u00e9atoire<br \/>\n\u2981 Syst\u00e8me de fonctionnement :\u00a0Aspiration m\u00e9canique : turbine d&#8217;aspiration<br \/>\n\u2981 Installation :\u00a0Par l&#8217;utilisateur, sur la prise balai ou le skimmer<br \/>\n\u2981 Type de d\u00e9bris aspir\u00e9s :\u00a0Fins, moyens<br \/>\nCaract\u00e9ristiques techniques<br \/>\n<a href=\"https:\/\/www.piscinetunisie.com\/zodiac\/\"> Zodiac<\/a> :<br \/>\n<strong>Marque : <\/strong> <a href=\"https:\/\/www.zodiacpoolsystems.com\/en\">ZODIAC<\/a><br \/>\n<strong>Marque made in : <\/strong> ESPAGNOL<\/p>\n","protected":false},"excerpt":{"rendered":"<p>Robot Zodiac MX9 Robot piscine zodiac Turbo aspiration double h\u00e9lices Le syst\u00e8me de turbo aspiration du MX9 repose sur\u00a0une puissante turbine et deux h\u00e9lices d\u2019aspiration\u00a0p\u00e9riph\u00e9riques qui\u00a0dirigent toutes les salet\u00e9s et d\u00e9bris vers la bouche du robot.\u00a0Il garantit un nettoyage ultra-efficace, m\u00eame \u00e0 faible d\u00e9bit. Brossage cyclonique La technologie de brossage cyclonique permet de\u00a0d\u00e9coller les salet\u00e9s [&hellip;]<\/p>\n","protected":false},"featured_media":209,"comment_status":"open","ping_status":"closed","template":"","meta":[],"product_cat":[15],"product_tag":[],"class_list":{"0":"post-129","1":"product","2":"type-product","3":"status-publish","4":"has-post-thumbnail","6":"product_cat-uncategorized","8":"first","9":"instock","10":"shipping-taxable","11":"product-type-simple"},"jetpack_sharing_enabled":true,"_links":{"self":[{"href":"https:\/\/piscinemarket.piscinetunisie.com\/index.php?rest_route=\/wp\/v2\/product\/129","targetHints":{"allow":["GET"]}}],"collection":[{"href":"https:\/\/piscinemarket.piscinetunisie.com\/index.php?rest_route=\/wp\/v2\/product"}],"about":[{"href":"https:\/\/piscinemarket.piscinetunisie.com\/index.php?rest_route=\/wp\/v2\/types\/product"}],"replies":[{"embeddable":true,"href":"https:\/\/piscinemarket.piscinetunisie.com\/index.php?rest_route=%2Fwp%2Fv2%2Fcomments&post=129"}],"wp:featuredmedia":[{"embeddable":true,"href":"https:\/\/piscinemarket.piscinetunisie.com\/index.php?rest_route=\/wp\/v2\/media\/209"}],"wp:attachment":[{"href":"https:\/\/piscinemarket.piscinetunisie.com\/index.php?rest_route=%2Fwp%2Fv2%2Fmedia&parent=129"}],"wp:term":[{"taxonomy":"product_cat","embeddable":true,"href":"https:\/\/piscinemarket.piscinetunisie.com\/index.php?rest_route=%2Fwp%2Fv2%2Fproduct_cat&post=129"},{"taxonomy":"product_tag","embeddable":true,"href":"https:\/\/piscinemarket.piscinetunisie.com\/index.php?rest_route=%2Fwp%2Fv2%2Fproduct_tag&post=129"}],"curies":[{"name":"wp","href":"https:\/\/api.w.org\/{rel}","templated":true}]}}