{"id":128,"date":"2024-05-15T15:30:49","date_gmt":"2024-05-15T15:30:49","guid":{"rendered":"https:\/\/piscinemarket.piscinetunisie.com\/?post_type=product&#038;p=128"},"modified":"2024-05-15T15:33:02","modified_gmt":"2024-05-15T15:33:02","slug":"import-placeholder-for-1047","status":"publish","type":"product","link":"https:\/\/piscinemarket.piscinetunisie.com\/?product=import-placeholder-for-1047","title":{"rendered":"Import placeholder for 1047"},"content":{"rendered":"<p>Cascade  Mural EMAUX est l\u2019une des plus belles caract\u00e9ristiques de votre piscine ou de votre spa. En cr\u00e9ant un mouvement d\u2019eau dans votre piscine, celle-ci peut \u00eatre ajust\u00e9e d\u2019une simple nappe d\u2019eau tombant dans la piscine \u00e0 un massage relaxant pour votre dos, ajoutant ainsi \u00e9l\u00e9gance et style \u00e0 votre piscine.<\/p>\n<p>Disponible de la Cascade Mural EMAUX en quatre mod\u00e8les diff\u00e9rents, vous pouvez profiter de diff\u00e9rents effets et trajectoires de l&#8217;eau, de la chute d&#8217;eau standard \u00e0 la trajectoire de pluie ou d&#8217;arc. de l&#8217;eau qui coule \u00e0 votre paysage.<br \/>\nles dimensions cascade\u00a0 (30\u2009cm, 60 cm, 90 cm, 120 cm)<br \/>\nVisitez notre page Facebook pour vous inspirer de nos r\u00e9alisations ou les r\u00e9alisations des piscinistes qui nous font confiance.<\/p>\n<p><a href=\"https:\/\/www.piscinetunisie.com\/zodiac\/\"> EMAUX<\/a> :<\/strong>\u00a0<br \/>\n<strong>Marque : <\/strong> <a href=\"https:\/\/emauxgroup.com\/fr\/emaux-water-technology-fr\/\">EMAUX<\/a><br \/>\n<strong>Marque made in : <\/strong> CHINA<\/p>\n","protected":false},"excerpt":{"rendered":"<p>Cascade Mural EMAUX est l\u2019une des plus belles caract\u00e9ristiques de votre piscine ou de votre spa. En cr\u00e9ant un mouvement d\u2019eau dans votre piscine, celle-ci peut \u00eatre ajust\u00e9e d\u2019une simple nappe d\u2019eau tombant dans la piscine \u00e0 un massage relaxant pour votre dos, ajoutant ainsi \u00e9l\u00e9gance et style \u00e0 votre piscine. Disponible de la Cascade [&hellip;]<\/p>\n","protected":false},"featured_media":207,"comment_status":"open","ping_status":"closed","template":"","meta":[],"product_cat":[15],"product_tag":[],"class_list":{"0":"post-128","1":"product","2":"type-product","3":"status-publish","4":"has-post-thumbnail","6":"product_cat-uncategorized","8":"first","9":"instock","10":"shipping-taxable","11":"product-type-variable"},"jetpack_sharing_enabled":true,"_links":{"self":[{"href":"https:\/\/piscinemarket.piscinetunisie.com\/index.php?rest_route=\/wp\/v2\/product\/128","targetHints":{"allow":["GET"]}}],"collection":[{"href":"https:\/\/piscinemarket.piscinetunisie.com\/index.php?rest_route=\/wp\/v2\/product"}],"about":[{"href":"https:\/\/piscinemarket.piscinetunisie.com\/index.php?rest_route=\/wp\/v2\/types\/product"}],"replies":[{"embeddable":true,"href":"https:\/\/piscinemarket.piscinetunisie.com\/index.php?rest_route=%2Fwp%2Fv2%2Fcomments&post=128"}],"wp:featuredmedia":[{"embeddable":true,"href":"https:\/\/piscinemarket.piscinetunisie.com\/index.php?rest_route=\/wp\/v2\/media\/207"}],"wp:attachment":[{"href":"https:\/\/piscinemarket.piscinetunisie.com\/index.php?rest_route=%2Fwp%2Fv2%2Fmedia&parent=128"}],"wp:term":[{"taxonomy":"product_cat","embeddable":true,"href":"https:\/\/piscinemarket.piscinetunisie.com\/index.php?rest_route=%2Fwp%2Fv2%2Fproduct_cat&post=128"},{"taxonomy":"product_tag","embeddable":true,"href":"https:\/\/piscinemarket.piscinetunisie.com\/index.php?rest_route=%2Fwp%2Fv2%2Fproduct_tag&post=128"}],"curies":[{"name":"wp","href":"https:\/\/api.w.org\/{rel}","templated":true}]}}