{"id":125,"date":"2024-05-15T15:30:49","date_gmt":"2024-05-15T15:30:49","guid":{"rendered":"https:\/\/piscinemarket.piscinetunisie.com\/?post_type=product&#038;p=125"},"modified":"2024-05-15T15:33:25","modified_gmt":"2024-05-15T15:33:25","slug":"import-placeholder-for-1001","status":"publish","type":"product","link":"https:\/\/piscinemarket.piscinetunisie.com\/?product=import-placeholder-for-1001","title":{"rendered":"Import placeholder for 1001"},"content":{"rendered":"<p>Vanne 6 voies filtre a sable pour plusieurs fonctions dans un circuit hydraulique: filtration, vidange, fermeture, lavage, recirculation et rin\u00e7age du filtre.<br \/>\nSon design fonctionnel, offre un large \u00e9ventail de possibilit\u00e9s d\u2019accouplement dans n\u2019importe quelle installation, en assurant une \u00e9tanch\u00e9it\u00e9 parfaite et une manipulation confortable. Un minimum effort et friction, une s\u00e9curit\u00e9 maximale et une finition agr\u00e9able, ont \u00e9t\u00e9 des facteurs d\u00e9cisifs dans le choix du mat\u00e9riel qui s\u2019adapte le mieux aux besoins de chacun des \u00e9l\u00e9ments <strong>la Vanne 6 voies filtre a sable int\u00e8gres : <\/strong><br \/>\n-corps<br \/>\n-couvercle et poign\u00e9e en ABS<br \/>\n-distributeur PPO ;<br \/>\n-joints de fermeture en EPDM<br \/>\n-\u00e9l\u00e9ments m\u00e9talliques en acier inoxydable<\/p>\n<p>Nouvelle g\u00e9n\u00e9ration de vannes multivoies manuelles qui int\u00e8grent un syst\u00e8me de fermeture \u00e0 ba\u00efonnette (remplacement des vis).<br \/>\nFacilite la maintenance et \u00e9vite des probl\u00e8mes d\u2019oxydation.<\/p>\n<p>Visitez notre page Facebook pour vous inspirer de nos r\u00e9alisations ou les r\u00e9alisations des piscinistes qui nous font confiance.<br \/>\n<a https:\/\/www.piscinetunisie.com\/astralpool\/\"><\/a><br \/>\n<strong>Marque : <\/strong> <a href=\"https:\/\/www.astralpool.com\/fr\/\">ASTRALPOOL<\/a><br \/>\n<strong>Marque Made in\u00a0: <\/strong>ESPAGNOL<\/p>\n","protected":false},"excerpt":{"rendered":"<p>Vanne 6 voies filtre a sable pour plusieurs fonctions dans un circuit hydraulique: filtration, vidange, fermeture, lavage, recirculation et rin\u00e7age du filtre. Son design fonctionnel, offre un large \u00e9ventail de possibilit\u00e9s d\u2019accouplement dans n\u2019importe quelle installation, en assurant une \u00e9tanch\u00e9it\u00e9 parfaite et une manipulation confortable. Un minimum effort et friction, une s\u00e9curit\u00e9 maximale et une [&hellip;]<\/p>\n","protected":false},"featured_media":190,"comment_status":"open","ping_status":"closed","template":"","meta":[],"product_cat":[15],"product_tag":[],"class_list":{"0":"post-125","1":"product","2":"type-product","3":"status-publish","4":"has-post-thumbnail","6":"product_cat-uncategorized","8":"first","9":"instock","10":"shipping-taxable","11":"product-type-variable"},"jetpack_sharing_enabled":true,"_links":{"self":[{"href":"https:\/\/piscinemarket.piscinetunisie.com\/index.php?rest_route=\/wp\/v2\/product\/125","targetHints":{"allow":["GET"]}}],"collection":[{"href":"https:\/\/piscinemarket.piscinetunisie.com\/index.php?rest_route=\/wp\/v2\/product"}],"about":[{"href":"https:\/\/piscinemarket.piscinetunisie.com\/index.php?rest_route=\/wp\/v2\/types\/product"}],"replies":[{"embeddable":true,"href":"https:\/\/piscinemarket.piscinetunisie.com\/index.php?rest_route=%2Fwp%2Fv2%2Fcomments&post=125"}],"wp:featuredmedia":[{"embeddable":true,"href":"https:\/\/piscinemarket.piscinetunisie.com\/index.php?rest_route=\/wp\/v2\/media\/190"}],"wp:attachment":[{"href":"https:\/\/piscinemarket.piscinetunisie.com\/index.php?rest_route=%2Fwp%2Fv2%2Fmedia&parent=125"}],"wp:term":[{"taxonomy":"product_cat","embeddable":true,"href":"https:\/\/piscinemarket.piscinetunisie.com\/index.php?rest_route=%2Fwp%2Fv2%2Fproduct_cat&post=125"},{"taxonomy":"product_tag","embeddable":true,"href":"https:\/\/piscinemarket.piscinetunisie.com\/index.php?rest_route=%2Fwp%2Fv2%2Fproduct_tag&post=125"}],"curies":[{"name":"wp","href":"https:\/\/api.w.org\/{rel}","templated":true}]}}