{"id":124,"date":"2024-05-15T15:30:49","date_gmt":"2024-05-15T15:30:49","guid":{"rendered":"https:\/\/piscinemarket.piscinetunisie.com\/?post_type=product&#038;p=124"},"modified":"2024-05-15T15:34:28","modified_gmt":"2024-05-15T15:34:28","slug":"import-placeholder-for-994","status":"publish","type":"product","link":"https:\/\/piscinemarket.piscinetunisie.com\/?product=import-placeholder-for-994","title":{"rendered":"Import placeholder for 994"},"content":{"rendered":"<p>Pompe piscine<a href=\"https:\/\/www.piscinetunisie.com\/astralpool-tunis\/\"> ASTRALPOOL<\/a> auto-aspirante \u00e9quip\u00e9e d\u2019un pr\u00e9filtre de grande capacit\u00e9. Robuste, le corps est en polypropyl\u00e8ne, r\u00e9sistant aux produits chimiques et \u00e0 l\u2019humidit\u00e9. Moteur protection IP-55.<br \/>\nCette nouvelle version se compose d\u2019\u00e9quipements qui conf\u00e8re \u00e0 cette pompe des performances accrues :<br \/>\n\u2022 Pompe piscine Silencieuse : Le roulement avant est de plus grande taille, et d\u2019une qualit\u00e9 renforc\u00e9e, pour supporter les forces axiales.<br \/>\n\u2022 Fiable : Une bride d\u2019un plus grand diam\u00e8tre a \u00e9t\u00e9 int\u00e9gr\u00e9 au moteur pour r\u00e9sister aux forces axiales.<br \/>\n\u2022 Performante et silencieuse : Moins de bruit \u00e0 haut d\u00e9bit. Hydraulique optimis\u00e9e (sortie directe) pour une r\u00e9duction du bruit.<br \/>\n\u2022 Robuste : Am\u00e9lioration de la fixation : vis pour fixation du couvercle ventilateur, nouveau socle, emballage optimis\u00e9.<br \/>\n\u2022 Pratique : Couvercle du pr\u00e9filtre avec 2 poign\u00e9es (aucune cl\u00e9 n\u2019est n\u00e9cessaire).<br \/>\nConnections filet\u00e9es ext\u00e9rieurs et taraud\u00e9es int\u00e9rieurs.<br \/>\nVisitez notre page Facebook pour vous inspirer de nos r\u00e9alisations ou les r\u00e9alisations des piscinistes qui nous font confiance.<\/p>\n<p><strong>Marque : <\/strong> <a href=\"https:\/\/www.astralpool.com\/fr\/\">ASTRALPOOL<\/a><br \/>\n<strong>Marque Made in\u00a0: <\/strong>ESPAGNOL<\/p>\n","protected":false},"excerpt":{"rendered":"<p>Pompe piscine ASTRALPOOL auto-aspirante \u00e9quip\u00e9e d\u2019un pr\u00e9filtre de grande capacit\u00e9. Robuste, le corps est en polypropyl\u00e8ne, r\u00e9sistant aux produits chimiques et \u00e0 l\u2019humidit\u00e9. Moteur protection IP-55. Cette nouvelle version se compose d\u2019\u00e9quipements qui conf\u00e8re \u00e0 cette pompe des performances accrues : \u2022 Pompe piscine Silencieuse : Le roulement avant est de plus grande taille, et [&hellip;]<\/p>\n","protected":false},"featured_media":186,"comment_status":"open","ping_status":"closed","template":"","meta":[],"product_cat":[15],"product_tag":[],"class_list":{"0":"post-124","1":"product","2":"type-product","3":"status-publish","4":"has-post-thumbnail","6":"product_cat-uncategorized","8":"first","9":"instock","10":"shipping-taxable","11":"product-type-variable"},"jetpack_sharing_enabled":true,"_links":{"self":[{"href":"https:\/\/piscinemarket.piscinetunisie.com\/index.php?rest_route=\/wp\/v2\/product\/124","targetHints":{"allow":["GET"]}}],"collection":[{"href":"https:\/\/piscinemarket.piscinetunisie.com\/index.php?rest_route=\/wp\/v2\/product"}],"about":[{"href":"https:\/\/piscinemarket.piscinetunisie.com\/index.php?rest_route=\/wp\/v2\/types\/product"}],"replies":[{"embeddable":true,"href":"https:\/\/piscinemarket.piscinetunisie.com\/index.php?rest_route=%2Fwp%2Fv2%2Fcomments&post=124"}],"wp:featuredmedia":[{"embeddable":true,"href":"https:\/\/piscinemarket.piscinetunisie.com\/index.php?rest_route=\/wp\/v2\/media\/186"}],"wp:attachment":[{"href":"https:\/\/piscinemarket.piscinetunisie.com\/index.php?rest_route=%2Fwp%2Fv2%2Fmedia&parent=124"}],"wp:term":[{"taxonomy":"product_cat","embeddable":true,"href":"https:\/\/piscinemarket.piscinetunisie.com\/index.php?rest_route=%2Fwp%2Fv2%2Fproduct_cat&post=124"},{"taxonomy":"product_tag","embeddable":true,"href":"https:\/\/piscinemarket.piscinetunisie.com\/index.php?rest_route=%2Fwp%2Fv2%2Fproduct_tag&post=124"}],"curies":[{"name":"wp","href":"https:\/\/api.w.org\/{rel}","templated":true}]}}