{"id":123,"date":"2024-05-15T15:30:49","date_gmt":"2024-05-15T15:30:49","guid":{"rendered":"https:\/\/piscinemarket.piscinetunisie.com\/?post_type=product&#038;p=123"},"modified":"2024-05-15T15:33:02","modified_gmt":"2024-05-15T15:33:02","slug":"import-placeholder-for-987","status":"publish","type":"product","link":"https:\/\/piscinemarket.piscinetunisie.com\/?product=import-placeholder-for-987","title":{"rendered":"Import placeholder for 987"},"content":{"rendered":"<p>Con\u00e7u par <a href=\"https:\/\/www.piscinetunisie.com\/astralpool-tunis\/\"> ASTRALPOOL<\/a> <\/strong>, Le filtre \u00e0 sable Aster est une r\u00e9f\u00e9rence sur le march\u00e9 de la filtration de piscine. Gr\u00e2ce a ces collecteurs de grande taille, la superficie de filtration est augment\u00e9e et donc l\u2019efficacit\u00e9 de celui-ci \u00e9galement.<br \/>\n<strong>Description: <\/strong><br \/>\n\u2022 Pied en polypropyl\u00e8ne, couvercle sans vis, syst\u00e8me de fermeture rapide.<br \/>\n\u2022 Bouchon pour vidange d\u2019eau.<br \/>\n\u2022 Manom\u00e8tre et vanne multivoies lat\u00e9rale.<br \/>\n\u2022 Pression maximale de travail 2,5 kg\/cm2.<br \/>\n\u2022 Vitesse max. de filtration 50 m3\/h\/m2.<\/p>\n<p><strong>Diam\u00e8tre disponible: <\/strong><br \/>\n-D500 qui donne un d\u00e9bit de 9m\u00b3\/h<br \/>\n-D600 qui donne un d\u00e9bit de 14m\u00b3\/h<br \/>\n-D650 qui donne un d\u00e9bit de 15m\u00b3\/h<br \/>\n-D750 qui donne un d\u00e9bit de 21m\u00b3\/h<br \/>\n-D900 qui donne un d\u00e9bit de 32m\u00b3\/h<\/p>\n<p>La collection de Filtre piscine Tunisie ASTER de chez ASTRALPOOL doit \u00eatre \u00e9quip\u00e9es d&#8217;une vanne 6 + 1 positions. Ce qui permet de filtrer, laver, rincer, re-circuler, vider et fermer le filtre. Une vanne fiable qui est utilis\u00e9e dans la majorit\u00e9 des filtres ASTRALPOOL.<\/p>\n<p>Gr\u00e2ce \u00e0 un syst\u00e8me brevet\u00e9 d&#8217;ouverture et de fermeture du couvercle.<\/p>\n<p><strong>Le prix affich\u00e9 est du Filtre SANS VANNE <\/strong><br \/>\nVisitez notre page Facebook pour vous inspirer de nos r\u00e9alisations ou les r\u00e9alisations des piscinistes qui nous font confiance.<\/p>\n<p><strong>Marque : <\/strong> <a href=\"https:\/\/www.astralpool.com\/fr\/\">ASTRALPOOL<\/a><br \/>\n<strong>Marque Made in\u00a0: <\/strong>SPAIN<\/p>\n","protected":false},"excerpt":{"rendered":"<p>Con\u00e7u par ASTRALPOOL , Le filtre \u00e0 sable Aster est une r\u00e9f\u00e9rence sur le march\u00e9 de la filtration de piscine. Gr\u00e2ce a ces collecteurs de grande taille, la superficie de filtration est augment\u00e9e et donc l\u2019efficacit\u00e9 de celui-ci \u00e9galement. Description: \u2022 Pied en polypropyl\u00e8ne, couvercle sans vis, syst\u00e8me de fermeture rapide. \u2022 Bouchon pour vidange [&hellip;]<\/p>\n","protected":false},"featured_media":180,"comment_status":"open","ping_status":"closed","template":"","meta":[],"product_cat":[15],"product_tag":[],"class_list":{"0":"post-123","1":"product","2":"type-product","3":"status-publish","4":"has-post-thumbnail","6":"product_cat-uncategorized","8":"first","9":"instock","10":"shipping-taxable","11":"product-type-variable"},"jetpack_sharing_enabled":true,"_links":{"self":[{"href":"https:\/\/piscinemarket.piscinetunisie.com\/index.php?rest_route=\/wp\/v2\/product\/123","targetHints":{"allow":["GET"]}}],"collection":[{"href":"https:\/\/piscinemarket.piscinetunisie.com\/index.php?rest_route=\/wp\/v2\/product"}],"about":[{"href":"https:\/\/piscinemarket.piscinetunisie.com\/index.php?rest_route=\/wp\/v2\/types\/product"}],"replies":[{"embeddable":true,"href":"https:\/\/piscinemarket.piscinetunisie.com\/index.php?rest_route=%2Fwp%2Fv2%2Fcomments&post=123"}],"wp:featuredmedia":[{"embeddable":true,"href":"https:\/\/piscinemarket.piscinetunisie.com\/index.php?rest_route=\/wp\/v2\/media\/180"}],"wp:attachment":[{"href":"https:\/\/piscinemarket.piscinetunisie.com\/index.php?rest_route=%2Fwp%2Fv2%2Fmedia&parent=123"}],"wp:term":[{"taxonomy":"product_cat","embeddable":true,"href":"https:\/\/piscinemarket.piscinetunisie.com\/index.php?rest_route=%2Fwp%2Fv2%2Fproduct_cat&post=123"},{"taxonomy":"product_tag","embeddable":true,"href":"https:\/\/piscinemarket.piscinetunisie.com\/index.php?rest_route=%2Fwp%2Fv2%2Fproduct_tag&post=123"}],"curies":[{"name":"wp","href":"https:\/\/api.w.org\/{rel}","templated":true}]}}