{"id":122,"date":"2024-05-15T15:30:49","date_gmt":"2024-05-15T15:30:49","guid":{"rendered":"https:\/\/piscinemarket.piscinetunisie.com\/?post_type=product&#038;p=122"},"modified":"2024-05-15T15:31:23","modified_gmt":"2024-05-15T15:31:23","slug":"import-placeholder-for-982","status":"publish","type":"product","link":"https:\/\/piscinemarket.piscinetunisie.com\/?product=import-placeholder-for-982","title":{"rendered":"Import placeholder for 982"},"content":{"rendered":"<p>le r\u00e9chauffeur de piscine \u00e9lectrique Vulcan est un r\u00e9chauffeur piscine con\u00e7u par Electro pour les bassins jusqu&#8217;\u00e0 100 m\u00b3.<br \/>\nIl vous est propos\u00e9 en 6 puissances de 3 \u00e0 15 kW, 2 motorisations (monophas\u00e9 ou triphas\u00e9), et 2 versions de thermostat (analogique ou digital)<br \/>\nSon \u00e9quipement complet facilite son installation sur votre circuit de filtration\u00a0:<br \/>\nThermostat de contr\u00f4le, thermostat de s\u00e9curit\u00e9 de haute limitation, contacteur int\u00e9gral.<br \/>\nTous les r\u00e9chauffeurs ont un adaptateur de filetage femelle de 1 mm pour faciliter le raccordement \u00e0 une canalisation rigide.<br \/>\nLes r\u00e9chauffeurs d&#8217;une taille de 2 kW jusqu&#8217;\u00e0 12 kW sont \u00e9galement fournis avec des adaptateurs de tuyau flexible pour la connexion \u00e0 une canalisation flexible.<\/p>\n<p>Le r\u00e9chauffeur de piscine \u00e9lectrique Vulcan est enti\u00e8rement \u00e9quip\u00e9 et facile \u00e0 installer.<br \/>\n <strong>Thermostat<\/strong><br \/>\n&#8211; analogique : graduation \u00e0 1\u00b0C (1 \u00e0 40 \u00b0C)<br \/>\n&#8211; digital : graduation \u00e0 0.5\u00b0C (0.5 \u00e0 40 \u00b0C)<br \/>\n&#8211; De contr\u00f4le et disjoncteur de s\u00e9curit\u00e9 \u00e0 r\u00e9armement manuel \u00e0 55\u00b0C<br \/>\n<strong>caract\u00e9ristique: <\/strong><br \/>\n&#8211; R\u00e9sistances en Titane<br \/>\n&#8211; Tube en acier inox BS 316<br \/>\n&#8211; El\u00e9ment pivotant de fixation au sol ou mural<\/p>\n<p>Robuste et r\u00e9sistant \u00e0 la corrosion et \u00e0 l&#8217;\u00e9rosion, le titane est un mat\u00e9riau de choix qui \u00e9quipe le r\u00e9chauffeur Vulcan.<br \/>\nL&#8217;une de ses propri\u00e9t\u00e9s caract\u00e9ristiques, c&#8217;est sa non-r\u00e9activit\u00e9.<br \/>\nAinsi, il est possible de chauffer quasiment toute sorte de liquide, m\u00eame acides avec votre r\u00e9chauffeur.<br \/>\n<strong>Marque : <\/strong> <a href=\"https:\/\/elecro.fr\/products\/piscines\/echangeurs-de-chaleur\/g2-shell-and-tube-2\/\">ELECRO<\/a><br \/>\n<strong>Marque made in : <\/strong> ANGLETERRE<br \/>\n<a href=\"https:\/\/www.piscinetunisie.com\/zodiac\/\"> <\/a><\/p>\n","protected":false},"excerpt":{"rendered":"<p>le r\u00e9chauffeur de piscine \u00e9lectrique Vulcan est un r\u00e9chauffeur piscine con\u00e7u par Electro pour les bassins jusqu&#8217;\u00e0 100 m\u00b3. Il vous est propos\u00e9 en 6 puissances de 3 \u00e0 15 kW, 2 motorisations (monophas\u00e9 ou triphas\u00e9), et 2 versions de thermostat (analogique ou digital) Son \u00e9quipement complet facilite son installation sur votre circuit de filtration\u00a0: [&hellip;]<\/p>\n","protected":false},"featured_media":176,"comment_status":"open","ping_status":"closed","template":"","meta":[],"product_cat":[15],"product_tag":[],"class_list":{"0":"post-122","1":"product","2":"type-product","3":"status-publish","4":"has-post-thumbnail","6":"product_cat-uncategorized","8":"first","9":"instock","10":"shipping-taxable","11":"product-type-simple"},"jetpack_sharing_enabled":true,"_links":{"self":[{"href":"https:\/\/piscinemarket.piscinetunisie.com\/index.php?rest_route=\/wp\/v2\/product\/122","targetHints":{"allow":["GET"]}}],"collection":[{"href":"https:\/\/piscinemarket.piscinetunisie.com\/index.php?rest_route=\/wp\/v2\/product"}],"about":[{"href":"https:\/\/piscinemarket.piscinetunisie.com\/index.php?rest_route=\/wp\/v2\/types\/product"}],"replies":[{"embeddable":true,"href":"https:\/\/piscinemarket.piscinetunisie.com\/index.php?rest_route=%2Fwp%2Fv2%2Fcomments&post=122"}],"wp:featuredmedia":[{"embeddable":true,"href":"https:\/\/piscinemarket.piscinetunisie.com\/index.php?rest_route=\/wp\/v2\/media\/176"}],"wp:attachment":[{"href":"https:\/\/piscinemarket.piscinetunisie.com\/index.php?rest_route=%2Fwp%2Fv2%2Fmedia&parent=122"}],"wp:term":[{"taxonomy":"product_cat","embeddable":true,"href":"https:\/\/piscinemarket.piscinetunisie.com\/index.php?rest_route=%2Fwp%2Fv2%2Fproduct_cat&post=122"},{"taxonomy":"product_tag","embeddable":true,"href":"https:\/\/piscinemarket.piscinetunisie.com\/index.php?rest_route=%2Fwp%2Fv2%2Fproduct_tag&post=122"}],"curies":[{"name":"wp","href":"https:\/\/api.w.org\/{rel}","templated":true}]}}