{"id":121,"date":"2024-05-15T15:30:48","date_gmt":"2024-05-15T15:30:48","guid":{"rendered":"https:\/\/piscinemarket.piscinetunisie.com\/?post_type=product&#038;p=121"},"modified":"2024-05-15T15:31:21","modified_gmt":"2024-05-15T15:31:21","slug":"import-placeholder-for-978","status":"publish","type":"product","link":"https:\/\/piscinemarket.piscinetunisie.com\/?product=import-placeholder-for-978","title":{"rendered":"Import placeholder for 978"},"content":{"rendered":"<p>La POMPE A CHALEUR en toute simplicit\u00e9 VERSION STANDARD +5\u00b0C VERSION DEFROST -5\u00b0C<br \/>\n<strong>Caract\u00e9ristiques techniques :<\/strong>\u00a0<br \/>\n\u2981 Soufflage horizontal<br \/>\n\u2981 Carrosserie polypropyl\u00e8ne anti-corrosion<br \/>\n\u2981 Ecran digital<br \/>\n\u2981 Mode Priorit\u00e9 chauffage (asservissement de la pompe de filtration)<br \/>\n\u2981 D\u00e9givrage automatique (inversion de cycle ou ventilation forc\u00e9e)<br \/>\n\u2981 thermostat anti-gel (temp\u00e9rature minimum de fonctionnement -5\u00b0C )<br \/>\n\u2981 S\u00e9curit\u00e9 pressostat HP et BP<br \/>\n\u2981 Contr\u00f4leur de d\u00e9bit d\u2019eau<br \/>\n\u2981 Echangeur condenseur \u00e0 eau en titane<br \/>\n\u2981 Compresseur rotatif \u00e0 palette<br \/>\n\u2981 D\u00e9tendeur capillaire<br \/>\n\u2981 Fluide frigorig\u00e8ne: R32<br \/>\nGrace \u00e0 la POMPE A CHALEUR la Valeurs moyennes estim\u00e9es pour bassin priv\u00e9 avec couverture isotherme du 15 mai au 15 septembre.<br \/>\nG\u00c9N\u00c9RALIT\u00c9S<br \/>\n<strong>Accessoires inclus dans le pack\u00a0:<\/strong>\u00a0<br \/>\n&#8211; Housse d&#8217;hivernage<br \/>\n&#8211; Raccords PVC 1\/2 unions 40 &amp;50<br \/>\n&#8211; Plots antivibratiles<br \/>\n<strong>Accessoires disponibles en option :<\/strong>\u00a0<br \/>\n&#8211; Kit PAC Net<br \/>\n&#8211; Commande d\u00e9port\u00e9e Z200<br \/>\n&#8211; Kit \u00e9querres murales Z200<br \/>\n<a href=\"https:\/\/www.piscinetunisie.com\/zodiac\/\"> Zodiac<\/a> :<\/strong>\u00a0<br \/>\n<strong>Marque : <\/strong> <a href=\"https:\/\/www.zodiacpoolsystems.com\/en\">ZODIAC<\/a><br \/>\n<strong>Marque made in : <\/strong> ESPAGNOL<\/p>\n","protected":false},"excerpt":{"rendered":"<p>La POMPE A CHALEUR en toute simplicit\u00e9 VERSION STANDARD +5\u00b0C VERSION DEFROST -5\u00b0C Caract\u00e9ristiques techniques :\u00a0 \u2981 Soufflage horizontal \u2981 Carrosserie polypropyl\u00e8ne anti-corrosion \u2981 Ecran digital \u2981 Mode Priorit\u00e9 chauffage (asservissement de la pompe de filtration) \u2981 D\u00e9givrage automatique (inversion de cycle ou ventilation forc\u00e9e) \u2981 thermostat anti-gel (temp\u00e9rature minimum de fonctionnement -5\u00b0C ) \u2981 [&hellip;]<\/p>\n","protected":false},"featured_media":174,"comment_status":"open","ping_status":"closed","template":"","meta":[],"product_cat":[15],"product_tag":[],"class_list":{"0":"post-121","1":"product","2":"type-product","3":"status-publish","4":"has-post-thumbnail","6":"product_cat-uncategorized","8":"first","9":"instock","10":"shipping-taxable","11":"product-type-simple"},"jetpack_sharing_enabled":true,"_links":{"self":[{"href":"https:\/\/piscinemarket.piscinetunisie.com\/index.php?rest_route=\/wp\/v2\/product\/121","targetHints":{"allow":["GET"]}}],"collection":[{"href":"https:\/\/piscinemarket.piscinetunisie.com\/index.php?rest_route=\/wp\/v2\/product"}],"about":[{"href":"https:\/\/piscinemarket.piscinetunisie.com\/index.php?rest_route=\/wp\/v2\/types\/product"}],"replies":[{"embeddable":true,"href":"https:\/\/piscinemarket.piscinetunisie.com\/index.php?rest_route=%2Fwp%2Fv2%2Fcomments&post=121"}],"wp:featuredmedia":[{"embeddable":true,"href":"https:\/\/piscinemarket.piscinetunisie.com\/index.php?rest_route=\/wp\/v2\/media\/174"}],"wp:attachment":[{"href":"https:\/\/piscinemarket.piscinetunisie.com\/index.php?rest_route=%2Fwp%2Fv2%2Fmedia&parent=121"}],"wp:term":[{"taxonomy":"product_cat","embeddable":true,"href":"https:\/\/piscinemarket.piscinetunisie.com\/index.php?rest_route=%2Fwp%2Fv2%2Fproduct_cat&post=121"},{"taxonomy":"product_tag","embeddable":true,"href":"https:\/\/piscinemarket.piscinetunisie.com\/index.php?rest_route=%2Fwp%2Fv2%2Fproduct_tag&post=121"}],"curies":[{"name":"wp","href":"https:\/\/api.w.org\/{rel}","templated":true}]}}