{"id":120,"date":"2024-05-15T15:30:48","date_gmt":"2024-05-15T15:30:48","guid":{"rendered":"https:\/\/piscinemarket.piscinetunisie.com\/?post_type=product&#038;p=120"},"modified":"2024-05-15T15:33:02","modified_gmt":"2024-05-15T15:33:02","slug":"import-placeholder-for-969","status":"publish","type":"product","link":"https:\/\/piscinemarket.piscinetunisie.com\/?product=import-placeholder-for-969","title":{"rendered":"Import placeholder for 969"},"content":{"rendered":"<p>l&#8217;Echangeur de chaleur\u00a0Elecro Engineering\u00a0vous garantit une saison de baignade des plus agr\u00e9ables pour vous et votre entourage gr\u00e2ce \u00e0 son r\u00f4le de chauffage de piscine.<br \/>\nL\u2019Echangeur de chaleur est fabriqu\u00e9 \u00e0 partir de composants et mat\u00e9riaux de premi\u00e8re qualit\u00e9 dans l\u2019usine Elecro situ\u00e9e dans le Hertfordshire, Angleterre.<br \/>\n<strong>Caract\u00e9ristiques\u00a0:<\/strong><br \/>\n-Construction robuste, durable<br \/>\n-Coque inox 316 avec raccords en polyamide sp\u00e9cial<br \/>\n-Montage possible sur mur (applique fournie)<br \/>\n-V-aste surface de transfert de chaleur aux dimensions in\u00e9gal\u00e9es<br \/>\n-Faisceau de tubes en titane<br \/>\n-Isolation thermique rigide pour isoler le circuit primaire et permettre une efficacit\u00e9 maximale<br \/>\n-Disponible avec contr\u00f4le tout \u00e9quip\u00e9 analogique ou num\u00e9rique (en option)<\/p>\n<p><strong>Construction\u00a0:<\/strong><\/p>\n<p>La construction de l\u2019\u00e9changeur de chaleur m\u00e9nage une large surface de transfert de la chaleur, qui consiste en un faisceau multitubulaire tr\u00e8s dense s\u00e9curis\u00e9 par une plaque alv\u00e9ol\u00e9e en caoutchouc-polyamide con\u00e7u tout sp\u00e9cialement. La coque de l\u2019\u00e9changeur de chaleur est construite en inox BS 316 \u2013 ferm\u00e9e par une coque thermique rigide pour une isolation renforc\u00e9e de l\u2019eau (CHAUDE) primaire, en cons\u00e9quent encore le transfert de chaleur est am\u00e9lior\u00e9 . celle-ci est couverte \u00e0 chaque extr\u00e9mit\u00e9 avec des raccords moul\u00e9s primaires et secondaires fabriqu\u00e9s dans un alliage de polym\u00e8res sp\u00e9cialement formul\u00e9.<br \/>\nL\u2019\u00e9changeur de chaleur standard est fourni comme suit:<br \/>\n&#8211;\u00a0\u00a0\u00a0\u00a0\u00a0\u00a0\u00a0\u00a0\u00a0 2 x connexions primaire m\u00e2le\/m\u00e2le 1\u201d en laiton<br \/>\n&#8211;\u00a0\u00a0\u00a0\u00a0\u00a0\u00a0\u00a0\u00a0\u00a0 1 x soupape de non-retour 1\u201d<br \/>\n&#8211;\u00a0\u00a0\u00a0\u00a0\u00a0\u00a0\u00a0\u00a0\u00a0 Plongeur de thermom\u00e8tre en titane<br \/>\n&#8211;\u00a0\u00a0\u00a0\u00a0\u00a0\u00a0\u00a0\u00a0\u00a0 1 x capuchon de protection &amp; joint d\u2019\u00e9tanch\u00e9it\u00e9 (pour le c\u00f4t\u00e9 sans thermostat)<br \/>\nL\u2019\u00e9changeur de chaleur Elecro a \u00e9t\u00e9 con\u00e7u pour permettre \u00e0 l\u2019ing\u00e9nieur d\u2019installation de s\u00e9lectionner de quelle mani\u00e8re sonder l\u2019eau primaire et secondaire afin d\u2019obtenir un apport thermique maximal, ceci est effectue en acheminant le flux primaire (CHAUD) en direction oppos\u00e9e de l\u2019eau secondaire (PISCINE).<\/p>\n<p><strong>Marque : <\/strong> <a href=\"https:\/\/elecro.fr\/products\/piscines\/echangeurs-de-chaleur\/g2-shell-and-tube-2\/\">ELECRO<\/a><br \/>\n<strong>Marque made in : <\/strong> ANGLETERRE<br \/>\n<a href=\"https:\/\/www.piscinetunisie.com\/zodiac\/\"> <\/a><\/p>\n","protected":false},"excerpt":{"rendered":"<p>l&#8217;Echangeur de chaleur\u00a0Elecro Engineering\u00a0vous garantit une saison de baignade des plus agr\u00e9ables pour vous et votre entourage gr\u00e2ce \u00e0 son r\u00f4le de chauffage de piscine. L\u2019Echangeur de chaleur est fabriqu\u00e9 \u00e0 partir de composants et mat\u00e9riaux de premi\u00e8re qualit\u00e9 dans l\u2019usine Elecro situ\u00e9e dans le Hertfordshire, Angleterre. Caract\u00e9ristiques\u00a0: -Construction robuste, durable -Coque inox 316 avec [&hellip;]<\/p>\n","protected":false},"featured_media":167,"comment_status":"open","ping_status":"closed","template":"","meta":[],"product_cat":[15],"product_tag":[],"class_list":{"0":"post-120","1":"product","2":"type-product","3":"status-publish","4":"has-post-thumbnail","6":"product_cat-uncategorized","8":"first","9":"instock","10":"shipping-taxable","11":"product-type-variable"},"jetpack_sharing_enabled":true,"_links":{"self":[{"href":"https:\/\/piscinemarket.piscinetunisie.com\/index.php?rest_route=\/wp\/v2\/product\/120","targetHints":{"allow":["GET"]}}],"collection":[{"href":"https:\/\/piscinemarket.piscinetunisie.com\/index.php?rest_route=\/wp\/v2\/product"}],"about":[{"href":"https:\/\/piscinemarket.piscinetunisie.com\/index.php?rest_route=\/wp\/v2\/types\/product"}],"replies":[{"embeddable":true,"href":"https:\/\/piscinemarket.piscinetunisie.com\/index.php?rest_route=%2Fwp%2Fv2%2Fcomments&post=120"}],"wp:featuredmedia":[{"embeddable":true,"href":"https:\/\/piscinemarket.piscinetunisie.com\/index.php?rest_route=\/wp\/v2\/media\/167"}],"wp:attachment":[{"href":"https:\/\/piscinemarket.piscinetunisie.com\/index.php?rest_route=%2Fwp%2Fv2%2Fmedia&parent=120"}],"wp:term":[{"taxonomy":"product_cat","embeddable":true,"href":"https:\/\/piscinemarket.piscinetunisie.com\/index.php?rest_route=%2Fwp%2Fv2%2Fproduct_cat&post=120"},{"taxonomy":"product_tag","embeddable":true,"href":"https:\/\/piscinemarket.piscinetunisie.com\/index.php?rest_route=%2Fwp%2Fv2%2Fproduct_tag&post=120"}],"curies":[{"name":"wp","href":"https:\/\/api.w.org\/{rel}","templated":true}]}}