{"id":119,"date":"2024-05-15T15:30:48","date_gmt":"2024-05-15T15:30:48","guid":{"rendered":"https:\/\/piscinemarket.piscinetunisie.com\/?post_type=product&#038;p=119"},"modified":"2024-05-15T15:32:12","modified_gmt":"2024-05-15T15:32:12","slug":"import-placeholder-for-964","status":"publish","type":"product","link":"https:\/\/piscinemarket.piscinetunisie.com\/?product=import-placeholder-for-964","title":{"rendered":"Import placeholder for 964"},"content":{"rendered":"<p>Tuyau flottant de qualit\u00e9 sup\u00e9rieure, qui r\u00e9siste \u00e0 l&#8217;\u00e9crasement d\u00fb \u00e0 l&#8217;aspiration de votre filtration. Flexible pour une utilisation plus facile avec moins d&#8217;efforts.<br \/>\nTuyau flottant piscine 10M 12M 15M D. 38 mm avec embouts<\/p>\n<ul>\n<li>Tuyau auto-flottante pour utilisation avec les nettoyeurs de piscines manuels.<\/li>\n<li>Fabriqu\u00e9 en poly\u00e9thyl\u00e8ne bleu.<\/li>\n<li>Con\u00e7u pour connecter le nettoyeur \u00e0 la buse d&#8217;aspiration de la piscine (ou skimmer).<\/li>\n<li>Comprend les raccords, sauf pour les tuyaux de 30 m.<\/li>\n<li>Longueurs disponibles : Diam\u00e8tre 38 mm (1\u00bd&#8221;) : 10 \/ 12 \/ 15 m<\/li>\n<li>Diam\u00e8tre 50 mm : 30 m<\/li>\n<\/ul>\n<p>Visitez notre page Facebook pour vous inspirer de nos r\u00e9alisations ou les r\u00e9alisations des piscinistes qui nous font confiance.<br \/>\n&lt;a https:\/\/www.piscinetunisie.com\/astralpool\/&#8221;&gt;&lt;\/a&gt;<br \/>\n&lt;strong&gt;Marque : &lt;\/strong&gt; &lt;a href=&#8221;https:\/\/www.astralpool.com\/fr\/&#8221;&gt;ASTRALPOOL&lt;\/a&gt;<br \/>\n&lt;strong&gt;Marque Made in\u00a0: &lt;\/strong&gt;ESPAGNOL<\/p>\n","protected":false},"excerpt":{"rendered":"<p>Tuyau flottant de qualit\u00e9 sup\u00e9rieure, qui r\u00e9siste \u00e0 l&#8217;\u00e9crasement d\u00fb \u00e0 l&#8217;aspiration de votre filtration. Flexible pour une utilisation plus facile avec moins d&#8217;efforts. Tuyau flottant piscine 10M 12M 15M D. 38 mm avec embouts Tuyau auto-flottante pour utilisation avec les nettoyeurs de piscines manuels. Fabriqu\u00e9 en poly\u00e9thyl\u00e8ne bleu. Con\u00e7u pour connecter le nettoyeur \u00e0 [&hellip;]<\/p>\n","protected":false},"featured_media":164,"comment_status":"open","ping_status":"closed","template":"","meta":[],"product_cat":[15],"product_tag":[],"class_list":{"0":"post-119","1":"product","2":"type-product","3":"status-publish","4":"has-post-thumbnail","6":"product_cat-uncategorized","8":"first","9":"instock","10":"shipping-taxable","11":"product-type-variable"},"jetpack_sharing_enabled":true,"_links":{"self":[{"href":"https:\/\/piscinemarket.piscinetunisie.com\/index.php?rest_route=\/wp\/v2\/product\/119","targetHints":{"allow":["GET"]}}],"collection":[{"href":"https:\/\/piscinemarket.piscinetunisie.com\/index.php?rest_route=\/wp\/v2\/product"}],"about":[{"href":"https:\/\/piscinemarket.piscinetunisie.com\/index.php?rest_route=\/wp\/v2\/types\/product"}],"replies":[{"embeddable":true,"href":"https:\/\/piscinemarket.piscinetunisie.com\/index.php?rest_route=%2Fwp%2Fv2%2Fcomments&post=119"}],"wp:featuredmedia":[{"embeddable":true,"href":"https:\/\/piscinemarket.piscinetunisie.com\/index.php?rest_route=\/wp\/v2\/media\/164"}],"wp:attachment":[{"href":"https:\/\/piscinemarket.piscinetunisie.com\/index.php?rest_route=%2Fwp%2Fv2%2Fmedia&parent=119"}],"wp:term":[{"taxonomy":"product_cat","embeddable":true,"href":"https:\/\/piscinemarket.piscinetunisie.com\/index.php?rest_route=%2Fwp%2Fv2%2Fproduct_cat&post=119"},{"taxonomy":"product_tag","embeddable":true,"href":"https:\/\/piscinemarket.piscinetunisie.com\/index.php?rest_route=%2Fwp%2Fv2%2Fproduct_tag&post=119"}],"curies":[{"name":"wp","href":"https:\/\/api.w.org\/{rel}","templated":true}]}}