{"id":118,"date":"2024-05-15T15:30:48","date_gmt":"2024-05-15T15:30:48","guid":{"rendered":"https:\/\/piscinemarket.piscinetunisie.com\/?post_type=product&#038;p=118"},"modified":"2024-05-15T15:31:13","modified_gmt":"2024-05-15T15:31:13","slug":"import-placeholder-for-961","status":"publish","type":"product","link":"https:\/\/piscinemarket.piscinetunisie.com\/?product=import-placeholder-for-961","title":{"rendered":"Import placeholder for 961"},"content":{"rendered":"<p>Cette T\u00e8te de balai piscine nettoyeur de piscines est fabriqu\u00e9 \u00e0 partir d&#8217;une combinaison d&#8217;aluminium et de mat\u00e9riaux thermoplastiques pour une grande r\u00e9sistance et durabilit\u00e9 :<br \/>\nNettoyeur de piscine en aluminium AstralPool Blue Line\u00a0pour nettoyer et aspirer le fond\u00a0de la piscine.<br \/>\nRaccordement au tuyau d&#8217;aspiration \u00d8 38.<br \/>\nDisponible avec une poign\u00e9e \u00e0 clipser ou un syst\u00e8me de fixation de la poign\u00e9e.<br \/>\nLes d\u00e9chets sont aspir\u00e9s dans la station d&#8217;\u00e9puration par le tuyau d&#8217;aspiration.<br \/>\nRecommand\u00e9 pour le nettoyage des piscines en b\u00e9ton \/ gr\u00e8s.<br \/>\nEfficacit\u00e9 au meilleur prix dans les t\u00e2ches de base de l&#8217;entretien des piscines, avec la garantie AstralPool.<br \/>\nla T\u00e8te de balai piscine fait partie de la\u00a0s\u00e9rie Blue Line d&#8217;accessoires AstralPool\u00a0pour l&#8217;entretien des piscines.<br \/>\nN\u00e9cessite l&#8217;achat d&#8217;une poign\u00e9e pour fixer le nettoyeur, disponible s\u00e9par\u00e9ment.<\/p>\n<p>Visitez notre page Facebook pour vous inspirer de nos r\u00e9alisations ou les r\u00e9alisations des piscinistes qui nous font confiance.<br \/>\n<a https:\/\/www.piscinetunisie.com\/astralpool\/\"><\/a><br \/>\n<strong>Marque : <\/strong> <a href=\"https:\/\/www.astralpool.com\/fr\/\">ASTRALPOOL<\/a><br \/>\n<strong>Marque Made in\u00a0: <\/strong>ESPAGNOL<\/p>\n","protected":false},"excerpt":{"rendered":"<p>Cette T\u00e8te de balai piscine nettoyeur de piscines est fabriqu\u00e9 \u00e0 partir d&#8217;une combinaison d&#8217;aluminium et de mat\u00e9riaux thermoplastiques pour une grande r\u00e9sistance et durabilit\u00e9 : Nettoyeur de piscine en aluminium AstralPool Blue Line\u00a0pour nettoyer et aspirer le fond\u00a0de la piscine. Raccordement au tuyau d&#8217;aspiration \u00d8 38. Disponible avec une poign\u00e9e \u00e0 clipser ou un [&hellip;]<\/p>\n","protected":false},"featured_media":162,"comment_status":"open","ping_status":"closed","template":"","meta":[],"product_cat":[15],"product_tag":[],"class_list":{"0":"post-118","1":"product","2":"type-product","3":"status-publish","4":"has-post-thumbnail","6":"product_cat-uncategorized","8":"first","9":"instock","10":"shipping-taxable","11":"product-type-simple"},"jetpack_sharing_enabled":true,"_links":{"self":[{"href":"https:\/\/piscinemarket.piscinetunisie.com\/index.php?rest_route=\/wp\/v2\/product\/118","targetHints":{"allow":["GET"]}}],"collection":[{"href":"https:\/\/piscinemarket.piscinetunisie.com\/index.php?rest_route=\/wp\/v2\/product"}],"about":[{"href":"https:\/\/piscinemarket.piscinetunisie.com\/index.php?rest_route=\/wp\/v2\/types\/product"}],"replies":[{"embeddable":true,"href":"https:\/\/piscinemarket.piscinetunisie.com\/index.php?rest_route=%2Fwp%2Fv2%2Fcomments&post=118"}],"wp:featuredmedia":[{"embeddable":true,"href":"https:\/\/piscinemarket.piscinetunisie.com\/index.php?rest_route=\/wp\/v2\/media\/162"}],"wp:attachment":[{"href":"https:\/\/piscinemarket.piscinetunisie.com\/index.php?rest_route=%2Fwp%2Fv2%2Fmedia&parent=118"}],"wp:term":[{"taxonomy":"product_cat","embeddable":true,"href":"https:\/\/piscinemarket.piscinetunisie.com\/index.php?rest_route=%2Fwp%2Fv2%2Fproduct_cat&post=118"},{"taxonomy":"product_tag","embeddable":true,"href":"https:\/\/piscinemarket.piscinetunisie.com\/index.php?rest_route=%2Fwp%2Fv2%2Fproduct_tag&post=118"}],"curies":[{"name":"wp","href":"https:\/\/api.w.org\/{rel}","templated":true}]}}