{"id":117,"date":"2024-05-15T15:30:48","date_gmt":"2024-05-15T15:30:48","guid":{"rendered":"https:\/\/piscinemarket.piscinetunisie.com\/?post_type=product&#038;p=117"},"modified":"2024-05-15T15:32:12","modified_gmt":"2024-05-15T15:32:12","slug":"import-placeholder-for-958","status":"publish","type":"product","link":"https:\/\/piscinemarket.piscinetunisie.com\/?product=import-placeholder-for-958","title":{"rendered":"Import placeholder for 958"},"content":{"rendered":"<p>T\u00eate de balai (Aspirateur piscine Tunisie) aspirateur en aluminium disponible en 2 largeurs 350 mm ou 450 mm pour des tuyaux flottants diam. 38 ou 50 et avec 2 types de fixation : vis papillon ou \u00e0 clip.<br \/>\n<strong>Instructions d&#8217;utilisation :<\/strong><br \/>\n-Connectez l&#8217;Aspirateur piscine tunisie \u00e0 une extr\u00e9mit\u00e9 du tuyau et fixez-le \u00e0 la poign\u00e9e.<br \/>\n-Plongez la boue et placez le tuyau flottant dans l&#8217;eau pour le remplir et \u00e9viter que l&#8217;air ne p\u00e9n\u00e8tre dans le tube.<br \/>\n-Connectez le tuyau flottant \u00e0 l&#8217;entr\u00e9e d&#8217;aspiration de la piscine, ouvrez la soupape d&#8217;admission en limitant le d\u00e9bit d&#8217;eau \u00e0 travers le bassin de collecte et les soupapes du skimmer pour -augmenter la vitesse de circulation de l&#8217;eau \u00e0 travers les tuyaux d&#8217;aspiration et augmenter la puissance d&#8217;aspiration de l&#8217;aspirateur.<br \/>\n-Lors de cette op\u00e9ration, il faut faire attention pour \u00e9viter la formation de poches d&#8217;air dans l&#8217;installation ; dans ce cas, ouvrir lentement le bassin de collecte et les soupapes du skimmer.<br \/>\n-Chaque fois que vous l&#8217;utilisez la laisse boue, il est conseill\u00e9 de laver le filtre plus tard et de nettoyer le pr\u00e9filtre sur la pompe.<\/p>\n<p><strong>Description du produit:<\/strong><br \/>\n-A\u00e9rateur en aluminium extrud\u00e9 anodis\u00e9 pour piscines.<br \/>\n-Fabriqu\u00e9 en aluminium anodis\u00e9 et plastique.<br \/>\n-Fixations optionnelles pour terminaux de 1\u00bd&#8221; et 2&#8243;.<br \/>\n-Connexion : avec les vis.<br \/>\n-Terminal (\u00d8) : 38<br \/>\n-Hauteur (M) : 0,263<br \/>\n-Largeur (M) : 0,146<br \/>\n-Longueur (M) : 0,346<br \/>\n-Poids : 11,3 kg.<\/p>\n<p>Visitez notre page Facebook pour vous inspirer de nos r\u00e9alisations ou les r\u00e9alisations des piscinistes qui nous font confiance.<\/p>\n<p><strong>Marque : <\/strong> <a href=\"https:\/\/www.astralpool.com\/fr\/\">ASTRALPOOL<\/a><br \/>\n<strong>Marque Made in\u00a0: <\/strong>ESPAGNOL<\/p>\n","protected":false},"excerpt":{"rendered":"<p>T\u00eate de balai (Aspirateur piscine Tunisie) aspirateur en aluminium disponible en 2 largeurs 350 mm ou 450 mm pour des tuyaux flottants diam. 38 ou 50 et avec 2 types de fixation : vis papillon ou \u00e0 clip. Instructions d&#8217;utilisation : -Connectez l&#8217;Aspirateur piscine tunisie \u00e0 une extr\u00e9mit\u00e9 du tuyau et fixez-le \u00e0 la poign\u00e9e. [&hellip;]<\/p>\n","protected":false},"featured_media":152,"comment_status":"open","ping_status":"closed","template":"","meta":[],"product_cat":[15],"product_tag":[],"class_list":{"0":"post-117","1":"product","2":"type-product","3":"status-publish","4":"has-post-thumbnail","6":"product_cat-uncategorized","8":"first","9":"instock","10":"shipping-taxable","11":"product-type-variable"},"jetpack_sharing_enabled":true,"_links":{"self":[{"href":"https:\/\/piscinemarket.piscinetunisie.com\/index.php?rest_route=\/wp\/v2\/product\/117","targetHints":{"allow":["GET"]}}],"collection":[{"href":"https:\/\/piscinemarket.piscinetunisie.com\/index.php?rest_route=\/wp\/v2\/product"}],"about":[{"href":"https:\/\/piscinemarket.piscinetunisie.com\/index.php?rest_route=\/wp\/v2\/types\/product"}],"replies":[{"embeddable":true,"href":"https:\/\/piscinemarket.piscinetunisie.com\/index.php?rest_route=%2Fwp%2Fv2%2Fcomments&post=117"}],"wp:featuredmedia":[{"embeddable":true,"href":"https:\/\/piscinemarket.piscinetunisie.com\/index.php?rest_route=\/wp\/v2\/media\/152"}],"wp:attachment":[{"href":"https:\/\/piscinemarket.piscinetunisie.com\/index.php?rest_route=%2Fwp%2Fv2%2Fmedia&parent=117"}],"wp:term":[{"taxonomy":"product_cat","embeddable":true,"href":"https:\/\/piscinemarket.piscinetunisie.com\/index.php?rest_route=%2Fwp%2Fv2%2Fproduct_cat&post=117"},{"taxonomy":"product_tag","embeddable":true,"href":"https:\/\/piscinemarket.piscinetunisie.com\/index.php?rest_route=%2Fwp%2Fv2%2Fproduct_tag&post=117"}],"curies":[{"name":"wp","href":"https:\/\/api.w.org\/{rel}","templated":true}]}}