{"id":116,"date":"2024-05-15T15:30:48","date_gmt":"2024-05-15T15:30:48","guid":{"rendered":"https:\/\/piscinemarket.piscinetunisie.com\/?post_type=product&#038;p=116"},"modified":"2024-05-15T15:31:09","modified_gmt":"2024-05-15T15:31:09","slug":"import-placeholder-for-955","status":"publish","type":"product","link":"https:\/\/piscinemarket.piscinetunisie.com\/?product=import-placeholder-for-955","title":{"rendered":"Import placeholder for 955"},"content":{"rendered":"<p>Avec la Manche piscine t\u00e9lescopique Shark d&#8217; AstralPool nouvelle g\u00e9n\u00e9ration, vous pourrez nettoyer chaque recoin de votre piscine gr\u00e2ce \u00e0 sa longueur et l&#8217;adaptabilit\u00e9 du manche. Vous pouvez donc profiter \u00e0 100% de votre piscine gr\u00e2ce \u00e0 Plantawa.<\/p>\n<p>FONCTIONNALIT\u00c9S:<\/p>\n<p>La Manche piscine t\u00e9lescopique fait partie de la s\u00e9rie Shark, une nouvelle g\u00e9n\u00e9ration d&#8217; accessoires d&#8217; entretien de piscine d&#8217; AstralPool .<br \/>\nAvec un design exclusif et innovant, ils se caract\u00e9risent par leur grande efficacit\u00e9 et durabilit\u00e9.<br \/>\nIl a une connexion clip \/ \u00e9crou \u00e0 oreilles, donc la m\u00eame poign\u00e9e est compatible avec les deux syst\u00e8mes de couplage.<\/p>\n<p>Sp\u00e9cifications :<\/p>\n<p>Manche t\u00e9lescopique en aluminium extrud\u00e9 anodis\u00e9 pour une durabilit\u00e9 maximale, sans d\u00e9gradation ni corrosion.<br \/>\nLongueur de 2 \u00e0 4,8 m\u00e8tres extensible.<\/p>\n<p>Visitez notre page Facebook pour vous inspirer de nos r\u00e9alisations ou les r\u00e9alisations des piscinistes qui nous font confiance.<br \/>\n<a https:\/\/www.piscinetunisie.com\/astralpool\/\"><\/a><br \/>\n<strong>Marque : <\/strong> <a href=\"https:\/\/www.astralpool.com\/fr\/\">ASTRALPOOL<\/a><br \/>\n<strong>Marque Made in\u00a0: <\/strong>ESPAGNOL<\/p>\n","protected":false},"excerpt":{"rendered":"<p>Avec la Manche piscine t\u00e9lescopique Shark d&#8217; AstralPool nouvelle g\u00e9n\u00e9ration, vous pourrez nettoyer chaque recoin de votre piscine gr\u00e2ce \u00e0 sa longueur et l&#8217;adaptabilit\u00e9 du manche. Vous pouvez donc profiter \u00e0 100% de votre piscine gr\u00e2ce \u00e0 Plantawa. FONCTIONNALIT\u00c9S: La Manche piscine t\u00e9lescopique fait partie de la s\u00e9rie Shark, une nouvelle g\u00e9n\u00e9ration d&#8217; accessoires d&#8217; [&hellip;]<\/p>\n","protected":false},"featured_media":150,"comment_status":"open","ping_status":"closed","template":"","meta":[],"product_cat":[15],"product_tag":[],"class_list":{"0":"post-116","1":"product","2":"type-product","3":"status-publish","4":"has-post-thumbnail","6":"product_cat-uncategorized","8":"first","9":"instock","10":"shipping-taxable","11":"product-type-simple"},"jetpack_sharing_enabled":true,"_links":{"self":[{"href":"https:\/\/piscinemarket.piscinetunisie.com\/index.php?rest_route=\/wp\/v2\/product\/116","targetHints":{"allow":["GET"]}}],"collection":[{"href":"https:\/\/piscinemarket.piscinetunisie.com\/index.php?rest_route=\/wp\/v2\/product"}],"about":[{"href":"https:\/\/piscinemarket.piscinetunisie.com\/index.php?rest_route=\/wp\/v2\/types\/product"}],"replies":[{"embeddable":true,"href":"https:\/\/piscinemarket.piscinetunisie.com\/index.php?rest_route=%2Fwp%2Fv2%2Fcomments&post=116"}],"wp:featuredmedia":[{"embeddable":true,"href":"https:\/\/piscinemarket.piscinetunisie.com\/index.php?rest_route=\/wp\/v2\/media\/150"}],"wp:attachment":[{"href":"https:\/\/piscinemarket.piscinetunisie.com\/index.php?rest_route=%2Fwp%2Fv2%2Fmedia&parent=116"}],"wp:term":[{"taxonomy":"product_cat","embeddable":true,"href":"https:\/\/piscinemarket.piscinetunisie.com\/index.php?rest_route=%2Fwp%2Fv2%2Fproduct_cat&post=116"},{"taxonomy":"product_tag","embeddable":true,"href":"https:\/\/piscinemarket.piscinetunisie.com\/index.php?rest_route=%2Fwp%2Fv2%2Fproduct_tag&post=116"}],"curies":[{"name":"wp","href":"https:\/\/api.w.org\/{rel}","templated":true}]}}