{"id":114,"date":"2024-05-15T15:30:48","date_gmt":"2024-05-15T15:30:48","guid":{"rendered":"https:\/\/piscinemarket.piscinetunisie.com\/?post_type=product&#038;p=114"},"modified":"2024-05-15T15:31:01","modified_gmt":"2024-05-15T15:31:01","slug":"import-placeholder-for-949","status":"publish","type":"product","link":"https:\/\/piscinemarket.piscinetunisie.com\/?product=import-placeholder-for-949","title":{"rendered":"Import placeholder for 949"},"content":{"rendered":"<p>L&#8217;Epuisette de fond astralpool Sp\u00e9cialement con\u00e7ues pour r\u00e9cup\u00e9rer les feuilles et autres d\u00e9bris de toutes tailles d\u00e9pos\u00e9s dans le fond du bassin. Sa forme \u00e9vas\u00e9e facilite la collecte de la salet\u00e9.<\/p>\n<p>Epuisette de fond astralpool de la s\u00e9rie Shark de la marque Astral Pool ont un filet solide pour attraper les salet\u00e9s qui flottent sur l\u2019eau. Le filet est accroch\u00e9 \u00e0 la tige t\u00e9lescopique pour retirer facilement la salet\u00e9 de l\u2019eau. Rangez toujours le filet \u00e0 l\u2019int\u00e9rieur pour augmenter sa durabilit\u00e9.<\/p>\n<p>Visitez notre page Facebook pour vous inspirer de nos r\u00e9alisations ou les r\u00e9alisations des piscinistes qui nous font confiance.<br \/>\n<a https:\/\/www.piscinetunisie.com\/astralpool\/\"><\/a><br \/>\n<strong>Marque : <\/strong> <a href=\"https:\/\/www.astralpool.com\/fr\/\">ASTRALPOOL<\/a><br \/>\n<strong>Marque Made in\u00a0: <\/strong>ESPAGNOL<\/p>\n","protected":false},"excerpt":{"rendered":"<p>L&#8217;Epuisette de fond astralpool Sp\u00e9cialement con\u00e7ues pour r\u00e9cup\u00e9rer les feuilles et autres d\u00e9bris de toutes tailles d\u00e9pos\u00e9s dans le fond du bassin. Sa forme \u00e9vas\u00e9e facilite la collecte de la salet\u00e9. Epuisette de fond astralpool de la s\u00e9rie Shark de la marque Astral Pool ont un filet solide pour attraper les salet\u00e9s qui flottent sur [&hellip;]<\/p>\n","protected":false},"featured_media":146,"comment_status":"open","ping_status":"closed","template":"","meta":[],"product_cat":[15],"product_tag":[],"class_list":{"0":"post-114","1":"product","2":"type-product","3":"status-publish","4":"has-post-thumbnail","6":"product_cat-uncategorized","8":"first","9":"instock","10":"shipping-taxable","11":"product-type-simple"},"jetpack_sharing_enabled":true,"_links":{"self":[{"href":"https:\/\/piscinemarket.piscinetunisie.com\/index.php?rest_route=\/wp\/v2\/product\/114","targetHints":{"allow":["GET"]}}],"collection":[{"href":"https:\/\/piscinemarket.piscinetunisie.com\/index.php?rest_route=\/wp\/v2\/product"}],"about":[{"href":"https:\/\/piscinemarket.piscinetunisie.com\/index.php?rest_route=\/wp\/v2\/types\/product"}],"replies":[{"embeddable":true,"href":"https:\/\/piscinemarket.piscinetunisie.com\/index.php?rest_route=%2Fwp%2Fv2%2Fcomments&post=114"}],"wp:featuredmedia":[{"embeddable":true,"href":"https:\/\/piscinemarket.piscinetunisie.com\/index.php?rest_route=\/wp\/v2\/media\/146"}],"wp:attachment":[{"href":"https:\/\/piscinemarket.piscinetunisie.com\/index.php?rest_route=%2Fwp%2Fv2%2Fmedia&parent=114"}],"wp:term":[{"taxonomy":"product_cat","embeddable":true,"href":"https:\/\/piscinemarket.piscinetunisie.com\/index.php?rest_route=%2Fwp%2Fv2%2Fproduct_cat&post=114"},{"taxonomy":"product_tag","embeddable":true,"href":"https:\/\/piscinemarket.piscinetunisie.com\/index.php?rest_route=%2Fwp%2Fv2%2Fproduct_tag&post=114"}],"curies":[{"name":"wp","href":"https:\/\/api.w.org\/{rel}","templated":true}]}}